{"id":11382,"date":"2025-06-14T11:52:40","date_gmt":"2025-06-14T08:52:40","guid":{"rendered":"https:\/\/www.gunesdogaltas.com\/?page_id=11382"},"modified":"2025-07-09T15:18:05","modified_gmt":"2025-07-09T12:18:05","slug":"dizi-dogal-taslar","status":"publish","type":"page","link":"https:\/\/www.gunesdogaltas.com\/index.php\/dizi-dogal-taslar\/","title":{"rendered":"D\u0130Z\u0130 DO\u011eAL TA\u015eLAR"},"content":{"rendered":"<p><strong>D\u0130Z\u0130 DO\u011eAL TA\u015eLAR<\/strong><\/p><p><code><div id=\"envira-gallery-wrap-11425\" class=\"envira-gallery-wrap envira-gallery-theme-base envira-lightbox-theme-base\" itemscope itemtype=\"https:\/\/schema.org\/ImageGallery\"><div data-row-height=\"\" data-gallery-theme=\"\" id=\"envira-gallery-11425\" class=\"envira-gallery-public  envira-gallery-1-columns envira-clear enviratope envira-gallery-css-animations\" data-envira-columns=\"1\"><div id=\"envira-gallery-item-11376\" class=\"envira-gallery-item enviratope-item envira-gallery-item-1 envira-lazy-load\" style=\"padding-left: 5px; padding-bottom: 10px; padding-right: 5px;\"  itemscope itemtype=\"https:\/\/schema.org\/ImageObject\"><div class=\"envira-gallery-item-inner\"><div class=\"envira-gallery-position-overlay  envira-gallery-top-left\"><\/div><div class=\"envira-gallery-position-overlay  envira-gallery-top-right\"><\/div><div class=\"envira-gallery-position-overlay  envira-gallery-bottom-left\"><\/div><div class=\"envira-gallery-position-overlay  envira-gallery-bottom-right\"><\/div><a href=\"https:\/\/www.gunesdogaltas.com\/wp-content\/uploads\/2025\/06\/8mm-dizi-dogal-taslar.png\" class=\"envira-gallery-11425 envira-gallery-link\" rel=\"enviragallery11425\" title=\"8mm dizi do\u011fal ta\u015flar\" data-envira-caption=\"8mm dizi do\u011fal ta\u015flar\" data-envira-retina=\"\" data-thumbnail=\"\"  itemprop=\"contentUrl\"><div class=\"envira-lazy\" data-test-width=\"640\" data-test-height=\"480\" style=\"padding-bottom:75%;\"><img decoding=\"async\" id=\"envira-gallery-image-11376\" class=\"envira-gallery-image envira-gallery-image-1\" data-envira-index=\"1\" src=\"https:\/\/www.gunesdogaltas.com\/wp-content\/uploads\/2025\/06\/8mm-dizi-dogal-taslar.png\" data-envira-src=\"https:\/\/www.gunesdogaltas.com\/wp-content\/uploads\/2025\/06\/8mm-dizi-dogal-taslar.png\" data-envira-gallery-id=\"11425\" data-envira-item-id=\"11376\" data-envira-caption=\"8mm dizi do\u011fal ta\u015flar\" alt=\"\" title=\"8mm dizi do\u011fal ta\u015flar\"  itemprop=\"thumbnailUrl\" data-envira-srcset=\"https:\/\/www.gunesdogaltas.com\/wp-content\/uploads\/2025\/06\/8mm-dizi-dogal-taslar.png 400w,https:\/\/www.gunesdogaltas.com\/wp-content\/uploads\/2025\/06\/8mm-dizi-dogal-taslar.png 2x\" srcset=\"data:image\/gif;base64,R0lGODlhAQABAIAAAP\/\/\/\/\/\/\/yH5BAEKAAEALAAAAAABAAEAAAICTAEAOw==\" \/><\/div><\/a><\/div><\/div><div id=\"envira-gallery-item-11384\" class=\"envira-gallery-item enviratope-item envira-gallery-item-2 envira-lazy-load\" style=\"padding-left: 5px; padding-bottom: 10px; padding-right: 5px;\"  itemscope itemtype=\"https:\/\/schema.org\/ImageObject\"><div class=\"envira-gallery-item-inner\"><div class=\"envira-gallery-position-overlay  envira-gallery-top-left\"><\/div><div class=\"envira-gallery-position-overlay  envira-gallery-top-right\"><\/div><div class=\"envira-gallery-position-overlay  envira-gallery-bottom-left\"><\/div><div class=\"envira-gallery-position-overlay  envira-gallery-bottom-right\"><\/div><a href=\"https:\/\/www.gunesdogaltas.com\/wp-content\/uploads\/2025\/06\/8mm-dizi-dogal-taslar3.png\" class=\"envira-gallery-11425 envira-gallery-link\" rel=\"enviragallery11425\" title=\"8mm dizi do\u011fal ta\u015flar3\" data-envira-caption=\"8mm dizi do\u011fal ta\u015flar3\" data-envira-retina=\"\" data-thumbnail=\"\"  itemprop=\"contentUrl\"><div class=\"envira-lazy\" data-test-width=\"640\" data-test-height=\"480\" style=\"padding-bottom:75%;\"><img decoding=\"async\" id=\"envira-gallery-image-11384\" class=\"envira-gallery-image envira-gallery-image-2\" data-envira-index=\"2\" src=\"https:\/\/www.gunesdogaltas.com\/wp-content\/uploads\/2025\/06\/8mm-dizi-dogal-taslar3.png\" data-envira-src=\"https:\/\/www.gunesdogaltas.com\/wp-content\/uploads\/2025\/06\/8mm-dizi-dogal-taslar3.png\" data-envira-gallery-id=\"11425\" data-envira-item-id=\"11384\" data-envira-caption=\"8mm dizi do\u011fal ta\u015flar3\" alt=\"\" title=\"8mm dizi do\u011fal ta\u015flar3\"  itemprop=\"thumbnailUrl\" data-envira-srcset=\"https:\/\/www.gunesdogaltas.com\/wp-content\/uploads\/2025\/06\/8mm-dizi-dogal-taslar3.png 400w,https:\/\/www.gunesdogaltas.com\/wp-content\/uploads\/2025\/06\/8mm-dizi-dogal-taslar3.png 2x\" srcset=\"data:image\/gif;base64,R0lGODlhAQABAIAAAP\/\/\/\/\/\/\/yH5BAEKAAEALAAAAAABAAEAAAICTAEAOw==\" \/><\/div><\/a><\/div><\/div><div id=\"envira-gallery-item-11385\" class=\"envira-gallery-item enviratope-item envira-gallery-item-3 envira-lazy-load\" style=\"padding-left: 5px; padding-bottom: 10px; padding-right: 5px;\"  itemscope itemtype=\"https:\/\/schema.org\/ImageObject\"><div class=\"envira-gallery-item-inner\"><div class=\"envira-gallery-position-overlay  envira-gallery-top-left\"><\/div><div class=\"envira-gallery-position-overlay  envira-gallery-top-right\"><\/div><div class=\"envira-gallery-position-overlay  envira-gallery-bottom-left\"><\/div><div class=\"envira-gallery-position-overlay  envira-gallery-bottom-right\"><\/div><a href=\"https:\/\/www.gunesdogaltas.com\/wp-content\/uploads\/2025\/06\/8mm-dizi-dogal-taslar4.png\" class=\"envira-gallery-11425 envira-gallery-link\" rel=\"enviragallery11425\" title=\"8mm dizi do\u011fal ta\u015flar4\" data-envira-caption=\"8mm dizi do\u011fal ta\u015flar4\" data-envira-retina=\"\" data-thumbnail=\"\"  itemprop=\"contentUrl\"><div class=\"envira-lazy\" data-test-width=\"640\" data-test-height=\"480\" style=\"padding-bottom:75%;\"><img decoding=\"async\" id=\"envira-gallery-image-11385\" class=\"envira-gallery-image envira-gallery-image-3\" data-envira-index=\"3\" src=\"https:\/\/www.gunesdogaltas.com\/wp-content\/uploads\/2025\/06\/8mm-dizi-dogal-taslar4.png\" data-envira-src=\"https:\/\/www.gunesdogaltas.com\/wp-content\/uploads\/2025\/06\/8mm-dizi-dogal-taslar4.png\" data-envira-gallery-id=\"11425\" data-envira-item-id=\"11385\" data-envira-caption=\"8mm dizi do\u011fal ta\u015flar4\" alt=\"\" title=\"8mm dizi do\u011fal ta\u015flar4\"  itemprop=\"thumbnailUrl\" data-envira-srcset=\"https:\/\/www.gunesdogaltas.com\/wp-content\/uploads\/2025\/06\/8mm-dizi-dogal-taslar4.png 400w,https:\/\/www.gunesdogaltas.com\/wp-content\/uploads\/2025\/06\/8mm-dizi-dogal-taslar4.png 2x\" srcset=\"data:image\/gif;base64,R0lGODlhAQABAIAAAP\/\/\/\/\/\/\/yH5BAEKAAEALAAAAAABAAEAAAICTAEAOw==\" \/><\/div><\/a><\/div><\/div><div id=\"envira-gallery-item-11386\" class=\"envira-gallery-item enviratope-item envira-gallery-item-4 envira-lazy-load\" style=\"padding-left: 5px; padding-bottom: 10px; padding-right: 5px;\"  itemscope itemtype=\"https:\/\/schema.org\/ImageObject\"><div class=\"envira-gallery-item-inner\"><div class=\"envira-gallery-position-overlay  envira-gallery-top-left\"><\/div><div class=\"envira-gallery-position-overlay  envira-gallery-top-right\"><\/div><div class=\"envira-gallery-position-overlay  envira-gallery-bottom-left\"><\/div><div class=\"envira-gallery-position-overlay  envira-gallery-bottom-right\"><\/div><a href=\"https:\/\/www.gunesdogaltas.com\/wp-content\/uploads\/2025\/06\/8mm-dizi-dogal-taslar5.png\" class=\"envira-gallery-11425 envira-gallery-link\" rel=\"enviragallery11425\" title=\"8mm dizi do\u011fal ta\u015flar5\" data-envira-caption=\"8mm dizi do\u011fal ta\u015flar5\" data-envira-retina=\"\" data-thumbnail=\"\"  itemprop=\"contentUrl\"><div class=\"envira-lazy\" data-test-width=\"640\" data-test-height=\"480\" style=\"padding-bottom:75%;\"><img decoding=\"async\" id=\"envira-gallery-image-11386\" class=\"envira-gallery-image envira-gallery-image-4\" data-envira-index=\"4\" src=\"https:\/\/www.gunesdogaltas.com\/wp-content\/uploads\/2025\/06\/8mm-dizi-dogal-taslar5.png\" data-envira-src=\"https:\/\/www.gunesdogaltas.com\/wp-content\/uploads\/2025\/06\/8mm-dizi-dogal-taslar5.png\" data-envira-gallery-id=\"11425\" data-envira-item-id=\"11386\" data-envira-caption=\"8mm dizi do\u011fal ta\u015flar5\" alt=\"\" title=\"8mm dizi do\u011fal ta\u015flar5\"  itemprop=\"thumbnailUrl\" data-envira-srcset=\"https:\/\/www.gunesdogaltas.com\/wp-content\/uploads\/2025\/06\/8mm-dizi-dogal-taslar5.png 400w,https:\/\/www.gunesdogaltas.com\/wp-content\/uploads\/2025\/06\/8mm-dizi-dogal-taslar5.png 2x\" srcset=\"data:image\/gif;base64,R0lGODlhAQABAIAAAP\/\/\/\/\/\/\/yH5BAEKAAEALAAAAAABAAEAAAICTAEAOw==\" \/><\/div><\/a><\/div><\/div><div id=\"envira-gallery-item-11383\" class=\"envira-gallery-item enviratope-item envira-gallery-item-5 envira-lazy-load\" style=\"padding-left: 5px; padding-bottom: 10px; padding-right: 5px;\"  itemscope itemtype=\"https:\/\/schema.org\/ImageObject\"><div class=\"envira-gallery-item-inner\"><div class=\"envira-gallery-position-overlay  envira-gallery-top-left\"><\/div><div class=\"envira-gallery-position-overlay  envira-gallery-top-right\"><\/div><div class=\"envira-gallery-position-overlay  envira-gallery-bottom-left\"><\/div><div class=\"envira-gallery-position-overlay  envira-gallery-bottom-right\"><\/div><a href=\"https:\/\/www.gunesdogaltas.com\/wp-content\/uploads\/2025\/06\/8mm-dizi-dogal-taslar2.png\" class=\"envira-gallery-11425 envira-gallery-link\" rel=\"enviragallery11425\" title=\"8mm dizi do\u011fal ta\u015flar2\" data-envira-caption=\"8mm dizi do\u011fal ta\u015flar2\" data-envira-retina=\"\" data-thumbnail=\"\"  itemprop=\"contentUrl\"><div class=\"envira-lazy\" data-test-width=\"640\" data-test-height=\"480\" style=\"padding-bottom:75%;\"><img decoding=\"async\" id=\"envira-gallery-image-11383\" class=\"envira-gallery-image envira-gallery-image-5\" data-envira-index=\"5\" src=\"https:\/\/www.gunesdogaltas.com\/wp-content\/uploads\/2025\/06\/8mm-dizi-dogal-taslar2.png\" data-envira-src=\"https:\/\/www.gunesdogaltas.com\/wp-content\/uploads\/2025\/06\/8mm-dizi-dogal-taslar2.png\" data-envira-gallery-id=\"11425\" data-envira-item-id=\"11383\" data-envira-caption=\"8mm dizi do\u011fal ta\u015flar2\" alt=\"\" title=\"8mm dizi do\u011fal ta\u015flar2\"  itemprop=\"thumbnailUrl\" data-envira-srcset=\"https:\/\/www.gunesdogaltas.com\/wp-content\/uploads\/2025\/06\/8mm-dizi-dogal-taslar2.png 400w,https:\/\/www.gunesdogaltas.com\/wp-content\/uploads\/2025\/06\/8mm-dizi-dogal-taslar2.png 2x\" srcset=\"data:image\/gif;base64,R0lGODlhAQABAIAAAP\/\/\/\/\/\/\/yH5BAEKAAEALAAAAAABAAEAAAICTAEAOw==\" \/><\/div><\/a><\/div><\/div><\/div><\/div><noscript><img decoding=\"async\" src=\"https:\/\/www.gunesdogaltas.com\/wp-content\/uploads\/2025\/06\/8mm-dizi-dogal-taslar.png\" alt=\"\" \/><img decoding=\"async\" src=\"https:\/\/www.gunesdogaltas.com\/wp-content\/uploads\/2025\/06\/8mm-dizi-dogal-taslar3.png\" alt=\"\" \/><img decoding=\"async\" src=\"https:\/\/www.gunesdogaltas.com\/wp-content\/uploads\/2025\/06\/8mm-dizi-dogal-taslar4.png\" alt=\"\" \/><img decoding=\"async\" src=\"https:\/\/www.gunesdogaltas.com\/wp-content\/uploads\/2025\/06\/8mm-dizi-dogal-taslar5.png\" alt=\"\" \/><img decoding=\"async\" src=\"https:\/\/www.gunesdogaltas.com\/wp-content\/uploads\/2025\/06\/8mm-dizi-dogal-taslar2.png\" alt=\"\" \/><\/noscript><\/code><a href=\"https:\/\/www.gunesdogaltas.com\/wp-admin\/edit.php?post_type=envira#\"><\/a><\/p>","protected":false},"excerpt":{"rendered":"<p>D\u0130Z\u0130 DO\u011eAL TA\u015eLAR<\/p>\n","protected":false},"author":1,"featured_media":0,"parent":0,"menu_order":0,"comment_status":"closed","ping_status":"closed","template":"","meta":{"_monsterinsights_skip_tracking":false,"_monsterinsights_sitenote_active":false,"_monsterinsights_sitenote_note":"","_monsterinsights_sitenote_category":0,"footnotes":""},"class_list":["post-11382","page","type-page","status-publish","hentry"],"aioseo_notices":[],"jetpack_sharing_enabled":true,"_links":{"self":[{"href":"https:\/\/www.gunesdogaltas.com\/index.php\/wp-json\/wp\/v2\/pages\/11382","targetHints":{"allow":["GET"]}}],"collection":[{"href":"https:\/\/www.gunesdogaltas.com\/index.php\/wp-json\/wp\/v2\/pages"}],"about":[{"href":"https:\/\/www.gunesdogaltas.com\/index.php\/wp-json\/wp\/v2\/types\/page"}],"author":[{"embeddable":true,"href":"https:\/\/www.gunesdogaltas.com\/index.php\/wp-json\/wp\/v2\/users\/1"}],"replies":[{"embeddable":true,"href":"https:\/\/www.gunesdogaltas.com\/index.php\/wp-json\/wp\/v2\/comments?post=11382"}],"version-history":[{"count":14,"href":"https:\/\/www.gunesdogaltas.com\/index.php\/wp-json\/wp\/v2\/pages\/11382\/revisions"}],"predecessor-version":[{"id":11426,"href":"https:\/\/www.gunesdogaltas.com\/index.php\/wp-json\/wp\/v2\/pages\/11382\/revisions\/11426"}],"wp:attachment":[{"href":"https:\/\/www.gunesdogaltas.com\/index.php\/wp-json\/wp\/v2\/media?parent=11382"}],"curies":[{"name":"wp","href":"https:\/\/api.w.org\/{rel}","templated":true}]}}